{"id":11,"date":"2016-06-02T16:16:04","date_gmt":"2016-06-02T16:16:04","guid":{"rendered":"http:\/\/financebank.saturnthemes.com\/?page_id=11"},"modified":"2026-03-27T14:27:03","modified_gmt":"2026-03-27T13:27:03","slug":"startseite","status":"publish","type":"page","link":"https:\/\/grundstueck-fertighaus-kic.de\/","title":{"rendered":"Startseite"},"content":{"rendered":"<p>[vc_row][vc_column css=&#8220;.vc_custom_1583931567459{background-color: #d4bb82 !important;}&#8220;][vc_column_text]<\/p>\n<h1 style=\"text-align: center;\"><span style=\"color: #000000; font-family: arial, helvetica, sans-serif; font-size: 36pt;\">\u00a0Grundst\u00fccke und Fertigh\u00e4user<\/span><\/h1>\n<p>[\/vc_column_text][\/vc_column][\/vc_row][vc_row][vc_column][vc_empty_space][vc_column_text]<\/p>\n<p style=\"text-align: center;\"><span style=\"font-size: 24pt;\">Woran sind Sie interessiert?<\/span><\/p>\n<p>[\/vc_column_text][\/vc_column][\/vc_row][vc_row][vc_column width=&#8220;1\/3&#8243;][\/vc_column][vc_column width=&#8220;1\/3&#8243;][vc_btn title=&#8220;Grundst\u00fccks-Service&#8220; color=&#8220;black&#8220; size=&#8220;lg&#8220; align=&#8220;center&#8220; button_block=&#8220;true&#8220; link=&#8220;url:https%3A%2F%2Fkic-massivhaus-grundstuecke.de%2Findex.php%2Fgrundstueck%2F|||&#8220;][vc_btn title=&#8220;Verkaufen und neu bauen&#8220; color=&#8220;orange&#8220; size=&#8220;lg&#8220; align=&#8220;center&#8220; button_block=&#8220;true&#8220; link=&#8220;url:https%3A%2F%2Fkic-massivhaus-grundstuecke.de%2Findex.php%2Fverkaufen-bauen%2F|||&#8220;][vc_btn title=&#8220;Fertighaus bauen&#8220; color=&#8220;primary&#8220; size=&#8220;lg&#8220; align=&#8220;center&#8220; button_block=&#8220;true&#8220; link=&#8220;url:https%3A%2F%2Fkic-massivhaus-grundstuecke.de%2Findex.php%2Fbauen%2F|||&#8220;][\/vc_column][vc_column width=&#8220;1\/3&#8243;][\/vc_column][\/vc_row][vc_row][vc_column][vc_empty_space][\/vc_column][\/vc_row]<\/p>\n","protected":false},"excerpt":{"rendered":"<p>[vc_row][vc_column css=&#8220;.vc_custom_1583931567459{background-color: #d4bb82 !important;}&#8220;][vc_column_text] \u00a0Grundst\u00fccke und Fertigh\u00e4user [\/vc_column_text][\/vc_column][\/vc_row][vc_row][vc_column][vc_empty_space][vc_column_text] Woran sind Sie interessiert? [\/vc_column_text][\/vc_column][\/vc_row][vc_row][vc_column width=&#8220;1\/3&#8243;][\/vc_column][vc_column width=&#8220;1\/3&#8243;][vc_btn title=&#8220;Grundst\u00fccks-Service&#8220; color=&#8220;black&#8220; size=&#8220;lg&#8220; align=&#8220;center&#8220; button_block=&#8220;true&#8220; link=&#8220;url:https%3A%2F%2Fkic-massivhaus-grundstuecke.de%2Findex.php%2Fgrundstueck%2F|||&#8220;][vc_btn title=&#8220;Verkaufen und neu bauen&#8220; color=&#8220;orange&#8220; size=&#8220;lg&#8220; align=&#8220;center&#8220; button_block=&#8220;true&#8220; link=&#8220;url:https%3A%2F%2Fkic-massivhaus-grundstuecke.de%2Findex.php%2Fverkaufen-bauen%2F|||&#8220;][vc_btn title=&#8220;Fertighaus bauen&#8220; color=&#8220;primary&#8220; size=&#8220;lg&#8220; align=&#8220;center&#8220; button_block=&#8220;true&#8220; link=&#8220;url:https%3A%2F%2Fkic-massivhaus-grundstuecke.de%2Findex.php%2Fbauen%2F|||&#8220;][\/vc_column][vc_column width=&#8220;1\/3&#8243;][\/vc_column][\/vc_row][vc_row][vc_column][vc_empty_space][\/vc_column][\/vc_row]<\/p>\n","protected":false},"author":1,"featured_media":0,"parent":0,"menu_order":0,"comment_status":"closed","ping_status":"closed","template":"","meta":{"footnotes":""},"class_list":["post-11","page","type-page","status-publish","hentry"],"yoast_head":"<!-- This site is optimized with the Yoast SEO plugin v26.6 - https:\/\/yoast.com\/wordpress\/plugins\/seo\/ -->\n<title>Fertighaus und Grundst\u00fcck | z.B. Koblenz - Beratung &amp; Vermittlung<\/title>\n<meta name=\"description\" content=\"Beratung &amp; Vermittliung von Fertigh\u00e4user und Grundst\u00fccken \u2713 Westerwald \u2713 Eifel \u2713 Taunus \u2713 Hunsr\u00fcck, jetzt Kontakt aufnehmen + beraten lassen!\" \/>\n<meta name=\"robots\" content=\"index, follow, max-snippet:-1, max-image-preview:large, max-video-preview:-1\" \/>\n<link rel=\"canonical\" href=\"https:\/\/grundstueck-fertighaus-kic.de\/\" \/>\n<meta property=\"og:locale\" content=\"de_DE\" \/>\n<meta property=\"og:type\" content=\"article\" \/>\n<meta property=\"og:title\" content=\"Fertighaus und Grundst\u00fcck | z.B. Koblenz - Beratung &amp; Vermittlung\" \/>\n<meta property=\"og:description\" content=\"Beratung &amp; Vermittliung von Fertigh\u00e4user und Grundst\u00fccken \u2713 Westerwald \u2713 Eifel \u2713 Taunus \u2713 Hunsr\u00fcck, jetzt Kontakt aufnehmen + beraten lassen!\" \/>\n<meta property=\"og:url\" content=\"https:\/\/grundstueck-fertighaus-kic.de\/\" \/>\n<meta property=\"og:site_name\" content=\"Fertighaus und Grundst\u00fcck\" \/>\n<meta property=\"article:modified_time\" content=\"2026-03-27T13:27:03+00:00\" \/>\n<meta name=\"twitter:card\" content=\"summary_large_image\" \/>\n<meta name=\"twitter:label1\" content=\"Gesch\u00e4tzte Lesezeit\" \/>\n\t<meta name=\"twitter:data1\" content=\"1\u00a0Minute\" \/>\n<script type=\"application\/ld+json\" class=\"yoast-schema-graph\">{\"@context\":\"https:\/\/schema.org\",\"@graph\":[{\"@type\":\"WebPage\",\"@id\":\"https:\/\/grundstueck-fertighaus-kic.de\/\",\"url\":\"https:\/\/grundstueck-fertighaus-kic.de\/\",\"name\":\"Fertighaus und Grundst\u00fcck | z.B. Koblenz - Beratung & Vermittlung\",\"isPartOf\":{\"@id\":\"https:\/\/grundstueck-fertighaus-kic.de\/#website\"},\"datePublished\":\"2016-06-02T16:16:04+00:00\",\"dateModified\":\"2026-03-27T13:27:03+00:00\",\"description\":\"Beratung & Vermittliung von Fertigh\u00e4user und Grundst\u00fccken \u2713 Westerwald \u2713 Eifel \u2713 Taunus \u2713 Hunsr\u00fcck, jetzt Kontakt aufnehmen + beraten lassen!\",\"breadcrumb\":{\"@id\":\"https:\/\/grundstueck-fertighaus-kic.de\/#breadcrumb\"},\"inLanguage\":\"de\",\"potentialAction\":[{\"@type\":\"ReadAction\",\"target\":[\"https:\/\/grundstueck-fertighaus-kic.de\/\"]}]},{\"@type\":\"BreadcrumbList\",\"@id\":\"https:\/\/grundstueck-fertighaus-kic.de\/#breadcrumb\",\"itemListElement\":[{\"@type\":\"ListItem\",\"position\":1,\"name\":\"Start\",\"item\":\"https:\/\/grundstueck-fertighaus-kic.de\/\"},{\"@type\":\"ListItem\",\"position\":2,\"name\":\"Startseite\"}]},{\"@type\":\"WebSite\",\"@id\":\"https:\/\/grundstueck-fertighaus-kic.de\/#website\",\"url\":\"https:\/\/grundstueck-fertighaus-kic.de\/\",\"name\":\"Fertighaus und Grundst\u00fcck\",\"description\":\"KIC kommunal + immobilien consulting e.K.\",\"potentialAction\":[{\"@type\":\"SearchAction\",\"target\":{\"@type\":\"EntryPoint\",\"urlTemplate\":\"https:\/\/grundstueck-fertighaus-kic.de\/?s={search_term_string}\"},\"query-input\":{\"@type\":\"PropertyValueSpecification\",\"valueRequired\":true,\"valueName\":\"search_term_string\"}}],\"inLanguage\":\"de\"}]}<\/script>\n<!-- \/ Yoast SEO plugin. -->","yoast_head_json":{"title":"Fertighaus und Grundst\u00fcck | z.B. Koblenz - Beratung & Vermittlung","description":"Beratung & Vermittliung von Fertigh\u00e4user und Grundst\u00fccken \u2713 Westerwald \u2713 Eifel \u2713 Taunus \u2713 Hunsr\u00fcck, jetzt Kontakt aufnehmen + beraten lassen!","robots":{"index":"index","follow":"follow","max-snippet":"max-snippet:-1","max-image-preview":"max-image-preview:large","max-video-preview":"max-video-preview:-1"},"canonical":"https:\/\/grundstueck-fertighaus-kic.de\/","og_locale":"de_DE","og_type":"article","og_title":"Fertighaus und Grundst\u00fcck | z.B. Koblenz - Beratung & Vermittlung","og_description":"Beratung & Vermittliung von Fertigh\u00e4user und Grundst\u00fccken \u2713 Westerwald \u2713 Eifel \u2713 Taunus \u2713 Hunsr\u00fcck, jetzt Kontakt aufnehmen + beraten lassen!","og_url":"https:\/\/grundstueck-fertighaus-kic.de\/","og_site_name":"Fertighaus und Grundst\u00fcck","article_modified_time":"2026-03-27T13:27:03+00:00","twitter_card":"summary_large_image","twitter_misc":{"Gesch\u00e4tzte Lesezeit":"1\u00a0Minute"},"schema":{"@context":"https:\/\/schema.org","@graph":[{"@type":"WebPage","@id":"https:\/\/grundstueck-fertighaus-kic.de\/","url":"https:\/\/grundstueck-fertighaus-kic.de\/","name":"Fertighaus und Grundst\u00fcck | z.B. Koblenz - Beratung & Vermittlung","isPartOf":{"@id":"https:\/\/grundstueck-fertighaus-kic.de\/#website"},"datePublished":"2016-06-02T16:16:04+00:00","dateModified":"2026-03-27T13:27:03+00:00","description":"Beratung & Vermittliung von Fertigh\u00e4user und Grundst\u00fccken \u2713 Westerwald \u2713 Eifel \u2713 Taunus \u2713 Hunsr\u00fcck, jetzt Kontakt aufnehmen + beraten lassen!","breadcrumb":{"@id":"https:\/\/grundstueck-fertighaus-kic.de\/#breadcrumb"},"inLanguage":"de","potentialAction":[{"@type":"ReadAction","target":["https:\/\/grundstueck-fertighaus-kic.de\/"]}]},{"@type":"BreadcrumbList","@id":"https:\/\/grundstueck-fertighaus-kic.de\/#breadcrumb","itemListElement":[{"@type":"ListItem","position":1,"name":"Start","item":"https:\/\/grundstueck-fertighaus-kic.de\/"},{"@type":"ListItem","position":2,"name":"Startseite"}]},{"@type":"WebSite","@id":"https:\/\/grundstueck-fertighaus-kic.de\/#website","url":"https:\/\/grundstueck-fertighaus-kic.de\/","name":"Fertighaus und Grundst\u00fcck","description":"KIC kommunal + immobilien consulting e.K.","potentialAction":[{"@type":"SearchAction","target":{"@type":"EntryPoint","urlTemplate":"https:\/\/grundstueck-fertighaus-kic.de\/?s={search_term_string}"},"query-input":{"@type":"PropertyValueSpecification","valueRequired":true,"valueName":"search_term_string"}}],"inLanguage":"de"}]}},"_links":{"self":[{"href":"https:\/\/grundstueck-fertighaus-kic.de\/index.php\/wp-json\/wp\/v2\/pages\/11","targetHints":{"allow":["GET"]}}],"collection":[{"href":"https:\/\/grundstueck-fertighaus-kic.de\/index.php\/wp-json\/wp\/v2\/pages"}],"about":[{"href":"https:\/\/grundstueck-fertighaus-kic.de\/index.php\/wp-json\/wp\/v2\/types\/page"}],"author":[{"embeddable":true,"href":"https:\/\/grundstueck-fertighaus-kic.de\/index.php\/wp-json\/wp\/v2\/users\/1"}],"replies":[{"embeddable":true,"href":"https:\/\/grundstueck-fertighaus-kic.de\/index.php\/wp-json\/wp\/v2\/comments?post=11"}],"version-history":[{"count":293,"href":"https:\/\/grundstueck-fertighaus-kic.de\/index.php\/wp-json\/wp\/v2\/pages\/11\/revisions"}],"predecessor-version":[{"id":1265,"href":"https:\/\/grundstueck-fertighaus-kic.de\/index.php\/wp-json\/wp\/v2\/pages\/11\/revisions\/1265"}],"wp:attachment":[{"href":"https:\/\/grundstueck-fertighaus-kic.de\/index.php\/wp-json\/wp\/v2\/media?parent=11"}],"curies":[{"name":"wp","href":"https:\/\/api.w.org\/{rel}","templated":true}]}}